{"id":8598,"date":"2024-06-19T11:26:26","date_gmt":"2024-06-19T11:26:26","guid":{"rendered":"https:\/\/mariosjewellers.com\/index.php\/product\/tissot-chrono-xl-classic\/"},"modified":"2025-08-19T19:43:30","modified_gmt":"2025-08-19T17:43:30","slug":"tissot-chrono-xl-classic","status":"publish","type":"product","link":"https:\/\/mariosjewellers.com\/index.php\/product\/tissot-chrono-xl-classic\/","title":{"rendered":"TISSOT CHRONO XL CLASSIC"},"content":{"rendered":"","protected":false},"excerpt":{"rendered":"<p>Plus grande que nature, la Tissot Chrono XL se distingue par sa grande bo\u00eete d\u2019un diam\u00e8tre de 45mm. La fonction chronographe accentue son esprit urbain. Disponible dans une multitude de styles, certains pr\u00e9f\u00e8reront l\u2019aspect r\u00e9tro des bracelets en cuir \u00e0 l\u2019ancienne. Voyez grand avec la montre Tissot Chrono XL!<\/p>\n","protected":false},"featured_media":8597,"template":"","meta":{"_uf_show_specific_survey":0,"_uf_disable_surveys":false,"jetpack_post_was_ever_published":false},"product_brand":[],"product_cat":[501,556],"product_tag":[],"class_list":{"0":"post-8598","1":"product","2":"type-product","3":"status-publish","4":"has-post-thumbnail","6":"product_cat-chrono-xl","7":"product_cat-tissot-mens","9":"first","10":"outofstock","11":"taxable","12":"shipping-taxable","13":"purchasable","14":"product-type-simple"},"jetpack_sharing_enabled":true,"jetpack-related-posts":[],"_links":{"self":[{"href":"https:\/\/mariosjewellers.com\/index.php\/wp-json\/wp\/v2\/product\/8598","targetHints":{"allow":["GET"]}}],"collection":[{"href":"https:\/\/mariosjewellers.com\/index.php\/wp-json\/wp\/v2\/product"}],"about":[{"href":"https:\/\/mariosjewellers.com\/index.php\/wp-json\/wp\/v2\/types\/product"}],"wp:featuredmedia":[{"embeddable":true,"href":"https:\/\/mariosjewellers.com\/index.php\/wp-json\/wp\/v2\/media\/8597"}],"wp:attachment":[{"href":"https:\/\/mariosjewellers.com\/index.php\/wp-json\/wp\/v2\/media?parent=8598"}],"wp:term":[{"taxonomy":"product_brand","embeddable":true,"href":"https:\/\/mariosjewellers.com\/index.php\/wp-json\/wp\/v2\/product_brand?post=8598"},{"taxonomy":"product_cat","embeddable":true,"href":"https:\/\/mariosjewellers.com\/index.php\/wp-json\/wp\/v2\/product_cat?post=8598"},{"taxonomy":"product_tag","embeddable":true,"href":"https:\/\/mariosjewellers.com\/index.php\/wp-json\/wp\/v2\/product_tag?post=8598"}],"curies":[{"name":"wp","href":"https:\/\/api.w.org\/{rel}","templated":true}]}}